{"id":614,"date":"2022-06-08T11:48:59","date_gmt":"2022-06-08T10:48:59","guid":{"rendered":"https:\/\/ehealthjunior.nl\/wordpress\/?page_id=614"},"modified":"2022-06-08T11:50:44","modified_gmt":"2022-06-08T10:50:44","slug":"britt","status":"publish","type":"page","link":"https:\/\/ehealthjunior.nl\/wordpress\/britt\/","title":{"rendered":"Britt Bente"},"content":{"rendered":"<p>[vc_row overflow=&#8221;default&#8221; css=&#8221;.vc_custom_1654615935015{margin-bottom: 50px !important;}&#8221;][vc_column]\r\n<div id=\"single-image-Hk4EM67lew\" class=\"sh-single-image  \">\r\n\t<div class=\"sh-element-margin\">\r\n\r\n\t\t\r\n\t\t\t<div class=\"sh-single-image-container\">\r\n\t\t\t\t\r\n\t\t\t\t\t\t\t\t\t\r\n\t\t\t\t\t\t\t\t\t\t\t\t\t<img decoding=\"async\" class=\"sh-image-url\" src=\"https:\/\/ehealthjunior.nl\/wordpress\/wp-content\/uploads\/2022\/06\/eh_britt.png\" alt=\"eh_britt\" \/>\r\n\t\t\t\t\t\t\t\t\t\t\t\t\t\r\n\t\t\t\t\t\t\t\t\t\r\n\t\t\t\t\t\t\t<\/div>\r\n\r\n\t\t\r\n\t<\/div>\r\n<\/div>\r\n            <style type=\"text\/css\">\r\n                #single-image-Hk4EM67lew {text-align: center;}            <\/style>\r\n        [\/vc_column][\/vc_row][vc_row][vc_column][vc_column_text css=&#8221;.vc_custom_1654685442806{margin-right: 20% !important;margin-left: 20% !important;}&#8221;]<\/p>\n<h1 style=\"text-align: center;\">Britt Bente<\/h1>\n<p style=\"text-align: center;\"><b>Functie binnen (en buiten) het consortium<\/b><br \/>\nBinnen het consortium ben ik aangesteld als PhD kandidaat voor werkgroep 7\/Cluster 3 Implementatie. Naast mijn PhD ben ik werkzaam als Junior Onderzoeker aan de Universiteit Twente, waarin ik aan diverse projecten werk rondom eHealth en chronische en infectieuze aandoeningen.<\/p>\n<p style=\"text-align: center;\"><b>Hoe draag ik bij aan eHealth Junior?<\/b><br \/>\nBinnen het cluster implementatie zal ik mij focussen op de technologische, juridische en financi\u00eble barri\u00e8res die een succesvolle implementatie van de eHealth junior apps in de weg staan. Ik zal de barri\u00e8res maar ook juist de aanjagers voor succesvolle implementatie in kaart brengen en valideren. Daarnaast zal ik een business model voor eHealth Junior, en een roadmap voor de ontwikkeling en implementatie van eHealth aanleveren.<\/p>\n<p style=\"text-align: center;\"><b>Waar kijk ik naar uit met het eHealth Junior project<\/b><br \/>\neHealth krijgt een steeds prominentere rol in de zorgwereld en bij de implementatie ervan zijn vele stakeholders aanwezig die ieder weer andere behoeftes en waarden hebben voor het design, het gebruik en het business model rondom de technologie. Deze vele meningen en de veranderingen in wet- en regelgeving rondom eHealth maken het een complexe uitdaging om de technologie\u00ebn succesvol te implementeren. Ik kijk er naar uit om deze uitdaging aan te gaan en hoop bruikbare output te leveren wat betreft de implementatie van de eHealth Junior apps, en eHealth in het algemeen.<\/p>\n<p style=\"text-align: center;\"><b>Wat doe ik graag in mijn vrije tijd?<\/b><br \/>\nPaardrijden, in huizen klussen, fotograferen<\/p>\n<p style=\"text-align: center;\"><b>Links<\/b><br \/>\n<a href=\"https:\/\/research.utwente.nl\/en\/persons\/britt-elise-bente\">Britt Bente &#8211; Universiteit Twente<\/a><\/p>\n<p>[\/vc_column_text][\/vc_column][\/vc_row]<\/p>\n","protected":false},"excerpt":{"rendered":"<p>[vc_row overflow=&#8221;default&#8221; css=&#8221;.vc_custom_1654615935015{margin-bottom: 50px !important;}&#8221;][vc_column][\/vc_column][\/vc_row][vc_row][vc_column][vc_column_text css=&#8221;.vc_custom_1654685442806{margin-right: 20% !important;margin-left: 20% !important;}&#8221;] Britt Bente Functie binnen (en buiten) het consortium Binnen het consortium ben ik aangesteld als PhD kandidaat voor werkgroep 7\/Cluster 3 Implementatie. Naast mijn PhD ben ik werkzaam als Junior Onderzoeker aan de Universiteit Twente, waarin ik aan diverse projecten werk rondom eHealth en chronische en infectieuze aandoeningen. Hoe draag ik bij aan eHealth Junior? Binnen het cluster implementatie zal ik mij focussen op de technologische, juridische en financi\u00eble barri\u00e8res die een succesvolle implementatie van de eHealth junior apps in de weg staan. Ik zal de barri\u00e8res maar ook juist&#8230;<\/p>\n","protected":false},"author":1,"featured_media":0,"parent":0,"menu_order":0,"comment_status":"closed","ping_status":"closed","template":"","meta":{"footnotes":""},"class_list":["post-614","page","type-page","status-publish","hentry"],"_links":{"self":[{"href":"https:\/\/ehealthjunior.nl\/wordpress\/wp-json\/wp\/v2\/pages\/614","targetHints":{"allow":["GET"]}}],"collection":[{"href":"https:\/\/ehealthjunior.nl\/wordpress\/wp-json\/wp\/v2\/pages"}],"about":[{"href":"https:\/\/ehealthjunior.nl\/wordpress\/wp-json\/wp\/v2\/types\/page"}],"author":[{"embeddable":true,"href":"https:\/\/ehealthjunior.nl\/wordpress\/wp-json\/wp\/v2\/users\/1"}],"replies":[{"embeddable":true,"href":"https:\/\/ehealthjunior.nl\/wordpress\/wp-json\/wp\/v2\/comments?post=614"}],"version-history":[{"count":3,"href":"https:\/\/ehealthjunior.nl\/wordpress\/wp-json\/wp\/v2\/pages\/614\/revisions"}],"predecessor-version":[{"id":617,"href":"https:\/\/ehealthjunior.nl\/wordpress\/wp-json\/wp\/v2\/pages\/614\/revisions\/617"}],"wp:attachment":[{"href":"https:\/\/ehealthjunior.nl\/wordpress\/wp-json\/wp\/v2\/media?parent=614"}],"curies":[{"name":"wp","href":"https:\/\/api.w.org\/{rel}","templated":true}]}}